{"id":6538,"date":"2023-01-31T06:23:34","date_gmt":"2023-01-31T06:23:34","guid":{"rendered":"https:\/\/mariantherm.ro\/it\/?page_id=6538"},"modified":"2023-02-08T20:11:49","modified_gmt":"2023-02-08T20:11:49","slug":"carpenteria-pvc","status":"publish","type":"page","link":"https:\/\/mariantherm.ro\/it\/carpenteria-pvc\/","title":{"rendered":"Carpenteria PVC"},"content":{"rendered":"\t\t<div data-elementor-type=\"wp-page\" data-elementor-id=\"6538\" class=\"elementor elementor-6538\">\n\t\t\t\t\t\t\t\t\t<section class=\"elementor-section elementor-top-section elementor-element elementor-element-86f720e elementor-section-boxed elementor-section-height-default elementor-section-height-default\" data-id=\"86f720e\" data-element_type=\"section\" data-settings=\"{&quot;background_background&quot;:&quot;classic&quot;}\">\n\t\t\t\t\t\t<div class=\"elementor-container elementor-column-gap-default\">\n\t\t\t\t\t<div class=\"elementor-column elementor-col-100 elementor-top-column elementor-element elementor-element-b0b5615\" data-id=\"b0b5615\" data-element_type=\"column\">\n\t\t\t<div class=\"elementor-widget-wrap elementor-element-populated\">\n\t\t\t\t\t\t\t\t<div class=\"elementor-element elementor-element-5f45363 elementor-widget elementor-widget-image\" data-id=\"5f45363\" data-element_type=\"widget\" data-widget_type=\"image.default\">\n\t\t\t\t<div class=\"elementor-widget-container\">\n\t\t\t<style>\/*! elementor - v3.7.8 - 02-10-2022 *\/\n.elementor-widget-image{text-align:center}.elementor-widget-image a{display:inline-block}.elementor-widget-image a img[src$=\".svg\"]{width:48px}.elementor-widget-image img{vertical-align:middle;display:inline-block}<\/style>\t\t\t\t\t\t\t\t\t\t\t\t<img loading=\"lazy\" decoding=\"async\" width=\"451\" height=\"441\" src=\"https:\/\/mariantherm.ro\/it\/wp-content\/uploads\/2023\/01\/alukonigstahl_schuco_corona_topalu_340419_1-1.jpg\" class=\"attachment-large size-large\" alt=\"\" srcset=\"https:\/\/mariantherm.ro\/it\/wp-content\/uploads\/2023\/01\/alukonigstahl_schuco_corona_topalu_340419_1-1.jpg 451w, https:\/\/mariantherm.ro\/it\/wp-content\/uploads\/2023\/01\/alukonigstahl_schuco_corona_topalu_340419_1-1-300x293.jpg 300w\" sizes=\"auto, (max-width: 451px) 100vw, 451px\" \/>\t\t\t\t\t\t\t\t\t\t\t\t\t\t\t<\/div>\n\t\t\t\t<\/div>\n\t\t\t\t<div class=\"elementor-element elementor-element-975cc54 elementor-widget elementor-widget-heading\" data-id=\"975cc54\" data-element_type=\"widget\" data-widget_type=\"heading.default\">\n\t\t\t\t<div class=\"elementor-widget-container\">\n\t\t\t<style>\/*! elementor - v3.7.8 - 02-10-2022 *\/\n.elementor-heading-title{padding:0;margin:0;line-height:1}.elementor-widget-heading .elementor-heading-title[class*=elementor-size-]>a{color:inherit;font-size:inherit;line-height:inherit}.elementor-widget-heading .elementor-heading-title.elementor-size-small{font-size:15px}.elementor-widget-heading .elementor-heading-title.elementor-size-medium{font-size:19px}.elementor-widget-heading .elementor-heading-title.elementor-size-large{font-size:29px}.elementor-widget-heading .elementor-heading-title.elementor-size-xl{font-size:39px}.elementor-widget-heading .elementor-heading-title.elementor-size-xxl{font-size:59px}<\/style><h2 class=\"elementor-heading-title elementor-size-default\">Carpenteria PVC<\/h2>\t\t<\/div>\n\t\t\t\t<\/div>\n\t\t\t\t\t<\/div>\n\t\t<\/div>\n\t\t\t\t\t\t\t<\/div>\n\t\t<\/section>\n\t\t\t\t<section class=\"elementor-section elementor-top-section elementor-element elementor-element-1a26fb2 elementor-hidden-tablet elementor-hidden-mobile elementor-section-boxed elementor-section-height-default elementor-section-height-default\" data-id=\"1a26fb2\" data-element_type=\"section\">\n\t\t\t\t\t\t<div class=\"elementor-container elementor-column-gap-default\">\n\t\t\t\t\t<div class=\"elementor-column elementor-col-33 elementor-top-column elementor-element elementor-element-e6bd51a\" data-id=\"e6bd51a\" data-element_type=\"column\">\n\t\t\t<div class=\"elementor-widget-wrap\">\n\t\t\t\t\t\t\t\t\t<\/div>\n\t\t<\/div>\n\t\t\t\t<div class=\"elementor-column elementor-col-33 elementor-top-column elementor-element elementor-element-4939736\" data-id=\"4939736\" data-element_type=\"column\" data-settings=\"{&quot;background_background&quot;:&quot;classic&quot;}\">\n\t\t\t<div class=\"elementor-widget-wrap elementor-element-populated\">\n\t\t\t\t\t\t\t\t<div class=\"elementor-element elementor-element-43fc19d elementor-view-default elementor-widget elementor-widget-icon\" data-id=\"43fc19d\" data-element_type=\"widget\" data-widget_type=\"icon.default\">\n\t\t\t\t<div class=\"elementor-widget-container\">\n\t\t\t\t\t<div class=\"elementor-icon-wrapper\">\n\t\t\t<div class=\"elementor-icon\">\n\t\t\t<i aria-hidden=\"true\" class=\"fas fa-arrow-down\"><\/i>\t\t\t<\/div>\n\t\t<\/div>\n\t\t\t\t<\/div>\n\t\t\t\t<\/div>\n\t\t\t\t\t<\/div>\n\t\t<\/div>\n\t\t\t\t<div class=\"elementor-column elementor-col-33 elementor-top-column elementor-element elementor-element-e252d7d\" data-id=\"e252d7d\" data-element_type=\"column\">\n\t\t\t<div class=\"elementor-widget-wrap\">\n\t\t\t\t\t\t\t\t\t<\/div>\n\t\t<\/div>\n\t\t\t\t\t\t\t<\/div>\n\t\t<\/section>\n\t\t\t\t<section class=\"elementor-section elementor-top-section elementor-element elementor-element-604b1f0 elementor-section-boxed elementor-section-height-default elementor-section-height-default\" data-id=\"604b1f0\" data-element_type=\"section\" data-settings=\"{&quot;background_background&quot;:&quot;classic&quot;}\">\n\t\t\t\t\t\t<div class=\"elementor-container elementor-column-gap-default\">\n\t\t\t\t\t<div class=\"elementor-column elementor-col-100 elementor-top-column elementor-element elementor-element-56ebb25\" data-id=\"56ebb25\" data-element_type=\"column\">\n\t\t\t<div class=\"elementor-widget-wrap elementor-element-populated\">\n\t\t\t\t\t\t\t\t<section class=\"elementor-section elementor-inner-section elementor-element elementor-element-e435a59 elementor-section-boxed elementor-section-height-default elementor-section-height-default\" data-id=\"e435a59\" data-element_type=\"section\">\n\t\t\t\t\t\t<div class=\"elementor-container elementor-column-gap-default\">\n\t\t\t\t\t<div class=\"elementor-column elementor-col-33 elementor-inner-column elementor-element elementor-element-ba104ac\" data-id=\"ba104ac\" data-element_type=\"column\" data-settings=\"{&quot;background_background&quot;:&quot;classic&quot;}\">\n\t\t\t<div class=\"elementor-widget-wrap elementor-element-populated\">\n\t\t\t\t\t\t\t\t<div class=\"elementor-element elementor-element-013e959 elementor-widget elementor-widget-image\" data-id=\"013e959\" data-element_type=\"widget\" data-widget_type=\"image.default\">\n\t\t\t\t<div class=\"elementor-widget-container\">\n\t\t\t\t\t\t\t\t\t\t\t\t\t\t\t<img loading=\"lazy\" decoding=\"async\" width=\"220\" height=\"196\" src=\"https:\/\/mariantherm.ro\/it\/wp-content\/uploads\/2023\/01\/termopane-ferestre-termopan-veka-swingline.gif\" class=\"attachment-large size-large\" alt=\"\" \/>\t\t\t\t\t\t\t\t\t\t\t\t\t\t\t<\/div>\n\t\t\t\t<\/div>\n\t\t\t\t<div class=\"elementor-element elementor-element-1cff857 elementor-widget elementor-widget-text-editor\" data-id=\"1cff857\" data-element_type=\"widget\" data-widget_type=\"text-editor.default\">\n\t\t\t\t<div class=\"elementor-widget-container\">\n\t\t\t<style>\/*! elementor - v3.7.8 - 02-10-2022 *\/\n.elementor-widget-text-editor.elementor-drop-cap-view-stacked .elementor-drop-cap{background-color:#818a91;color:#fff}.elementor-widget-text-editor.elementor-drop-cap-view-framed .elementor-drop-cap{color:#818a91;border:3px solid;background-color:transparent}.elementor-widget-text-editor:not(.elementor-drop-cap-view-default) .elementor-drop-cap{margin-top:8px}.elementor-widget-text-editor:not(.elementor-drop-cap-view-default) .elementor-drop-cap-letter{width:1em;height:1em}.elementor-widget-text-editor .elementor-drop-cap{float:left;text-align:center;line-height:1;font-size:50px}.elementor-widget-text-editor .elementor-drop-cap-letter{display:inline-block}<\/style>\t\t\t\t<p style=\"text-align: center;\">VEKA System<\/p>\t\t\t\t\t\t<\/div>\n\t\t\t\t<\/div>\n\t\t\t\t<div class=\"elementor-element elementor-element-f1a402b elementor-align-center elementor-widget elementor-widget-button\" data-id=\"f1a402b\" data-element_type=\"widget\" data-widget_type=\"button.default\">\n\t\t\t\t<div class=\"elementor-widget-container\">\n\t\t\t\t\t<div class=\"elementor-button-wrapper\">\n\t\t\t<a href=\"https:\/\/mariantherm.ro\/it\/veka-system\" class=\"elementor-button-link elementor-button elementor-size-sm elementor-animation-grow\" role=\"button\">\n\t\t\t\t\t\t<span class=\"elementor-button-content-wrapper\">\n\t\t\t\t\t\t<span class=\"elementor-button-text\">scopri di pi\u00f9<\/span>\n\t\t<\/span>\n\t\t\t\t\t<\/a>\n\t\t<\/div>\n\t\t\t\t<\/div>\n\t\t\t\t<\/div>\n\t\t\t\t\t<\/div>\n\t\t<\/div>\n\t\t\t\t<div class=\"elementor-column elementor-col-33 elementor-inner-column elementor-element elementor-element-3b1f389\" data-id=\"3b1f389\" data-element_type=\"column\" data-settings=\"{&quot;background_background&quot;:&quot;classic&quot;}\">\n\t\t\t<div class=\"elementor-widget-wrap elementor-element-populated\">\n\t\t\t\t\t\t\t\t<div class=\"elementor-element elementor-element-cc75e16 elementor-widget elementor-widget-image\" data-id=\"cc75e16\" data-element_type=\"widget\" data-widget_type=\"image.default\">\n\t\t\t\t<div class=\"elementor-widget-container\">\n\t\t\t\t\t\t\t\t\t\t\t\t\t\t\t<img loading=\"lazy\" decoding=\"async\" width=\"300\" height=\"300\" src=\"https:\/\/mariantherm.ro\/it\/wp-content\/uploads\/2023\/01\/Fenster_AS60_001_rendering.jpg\" class=\"attachment-large size-large\" alt=\"\" srcset=\"https:\/\/mariantherm.ro\/it\/wp-content\/uploads\/2023\/01\/Fenster_AS60_001_rendering.jpg 300w, https:\/\/mariantherm.ro\/it\/wp-content\/uploads\/2023\/01\/Fenster_AS60_001_rendering-150x150.jpg 150w\" sizes=\"auto, (max-width: 300px) 100vw, 300px\" \/>\t\t\t\t\t\t\t\t\t\t\t\t\t\t\t<\/div>\n\t\t\t\t<\/div>\n\t\t\t\t<div class=\"elementor-element elementor-element-d4669f5 elementor-widget elementor-widget-text-editor\" data-id=\"d4669f5\" data-element_type=\"widget\" data-widget_type=\"text-editor.default\">\n\t\t\t\t<div class=\"elementor-widget-container\">\n\t\t\t\t\t\t\t<p style=\"text-align: center;\">SCHUCO System<\/p>\t\t\t\t\t\t<\/div>\n\t\t\t\t<\/div>\n\t\t\t\t<div class=\"elementor-element elementor-element-8241c53 elementor-align-center elementor-widget elementor-widget-button\" data-id=\"8241c53\" data-element_type=\"widget\" data-widget_type=\"button.default\">\n\t\t\t\t<div class=\"elementor-widget-container\">\n\t\t\t\t\t<div class=\"elementor-button-wrapper\">\n\t\t\t<a href=\"https:\/\/mariantherm.ro\/it\/schuco-system\" class=\"elementor-button-link elementor-button elementor-size-sm elementor-animation-grow\" role=\"button\">\n\t\t\t\t\t\t<span class=\"elementor-button-content-wrapper\">\n\t\t\t\t\t\t<span class=\"elementor-button-text\">scopri di pi\u00f9<\/span>\n\t\t<\/span>\n\t\t\t\t\t<\/a>\n\t\t<\/div>\n\t\t\t\t<\/div>\n\t\t\t\t<\/div>\n\t\t\t\t\t<\/div>\n\t\t<\/div>\n\t\t\t\t<div class=\"elementor-column elementor-col-33 elementor-inner-column elementor-element elementor-element-a033f31\" data-id=\"a033f31\" data-element_type=\"column\" data-settings=\"{&quot;background_background&quot;:&quot;classic&quot;}\">\n\t\t\t<div class=\"elementor-widget-wrap elementor-element-populated\">\n\t\t\t\t\t\t\t\t<div class=\"elementor-element elementor-element-221bf18 elementor-widget elementor-widget-image\" data-id=\"221bf18\" data-element_type=\"widget\" data-widget_type=\"image.default\">\n\t\t\t\t<div class=\"elementor-widget-container\">\n\t\t\t\t\t\t\t\t\t\t\t\t\t\t\t<img loading=\"lazy\" decoding=\"async\" width=\"210\" height=\"349\" src=\"https:\/\/mariantherm.ro\/it\/wp-content\/uploads\/2023\/01\/e4000.jpg\" class=\"attachment-large size-large\" alt=\"\" srcset=\"https:\/\/mariantherm.ro\/it\/wp-content\/uploads\/2023\/01\/e4000.jpg 210w, https:\/\/mariantherm.ro\/it\/wp-content\/uploads\/2023\/01\/e4000-181x300.jpg 181w\" sizes=\"auto, (max-width: 210px) 100vw, 210px\" \/>\t\t\t\t\t\t\t\t\t\t\t\t\t\t\t<\/div>\n\t\t\t\t<\/div>\n\t\t\t\t<div class=\"elementor-element elementor-element-b4e23a9 elementor-widget elementor-widget-text-editor\" data-id=\"b4e23a9\" data-element_type=\"widget\" data-widget_type=\"text-editor.default\">\n\t\t\t\t<div class=\"elementor-widget-container\">\n\t\t\t\t\t\t\t<p style=\"text-align: center;\">ALUPLAST System<\/p>\t\t\t\t\t\t<\/div>\n\t\t\t\t<\/div>\n\t\t\t\t<div class=\"elementor-element elementor-element-1c85fe7 elementor-align-center elementor-widget elementor-widget-button\" data-id=\"1c85fe7\" data-element_type=\"widget\" data-widget_type=\"button.default\">\n\t\t\t\t<div class=\"elementor-widget-container\">\n\t\t\t\t\t<div class=\"elementor-button-wrapper\">\n\t\t\t<a href=\"https:\/\/mariantherm.ro\/it\/aluplast-system\" class=\"elementor-button-link elementor-button elementor-size-sm elementor-animation-grow\" role=\"button\">\n\t\t\t\t\t\t<span class=\"elementor-button-content-wrapper\">\n\t\t\t\t\t\t<span class=\"elementor-button-text\">scopri di pi\u00f9<\/span>\n\t\t<\/span>\n\t\t\t\t\t<\/a>\n\t\t<\/div>\n\t\t\t\t<\/div>\n\t\t\t\t<\/div>\n\t\t\t\t\t<\/div>\n\t\t<\/div>\n\t\t\t\t\t\t\t<\/div>\n\t\t<\/section>\n\t\t\t\t\t<\/div>\n\t\t<\/div>\n\t\t\t\t\t\t\t<\/div>\n\t\t<\/section>\n\t\t\t\t\t\t\t<\/div>\n\t\t","protected":false},"excerpt":{"rendered":"<p>Carpenteria PVC VEKA System scopri di pi\u00f9 SCHUCO System scopri di pi\u00f9 ALUPLAST System scopri di pi\u00f9<\/p>\n","protected":false},"author":1,"featured_media":0,"parent":0,"menu_order":0,"comment_status":"closed","ping_status":"closed","template":"","meta":{"footnotes":""},"class_list":["post-6538","page","type-page","status-publish","hentry"],"yoast_head":"<!-- This site is optimized with the Yoast SEO plugin v19.7.2 - https:\/\/yoast.com\/wordpress\/plugins\/seo\/ -->\n<title>Carpenteria PVC -<\/title>\n<meta name=\"robots\" content=\"index, follow, max-snippet:-1, max-image-preview:large, max-video-preview:-1\" \/>\n<link rel=\"canonical\" href=\"https:\/\/mariantherm.ro\/it\/carpenteria-pvc\/\" \/>\n<meta property=\"og:locale\" content=\"en_US\" \/>\n<meta property=\"og:type\" content=\"article\" \/>\n<meta property=\"og:title\" content=\"Carpenteria PVC -\" \/>\n<meta property=\"og:description\" content=\"Carpenteria PVC VEKA System scopri di pi\u00f9 SCHUCO System scopri di pi\u00f9 ALUPLAST System scopri di pi\u00f9\" \/>\n<meta property=\"og:url\" content=\"https:\/\/mariantherm.ro\/it\/carpenteria-pvc\/\" \/>\n<meta property=\"article:modified_time\" content=\"2023-02-08T20:11:49+00:00\" \/>\n<meta property=\"og:image\" content=\"https:\/\/mariantherm.ro\/it\/wp-content\/uploads\/2023\/01\/alukonigstahl_schuco_corona_topalu_340419_1-1.jpg\" \/>\n<meta name=\"twitter:card\" content=\"summary_large_image\" \/>\n<meta name=\"twitter:label1\" content=\"Est. reading time\" \/>\n\t<meta name=\"twitter:data1\" content=\"1 minute\" \/>\n<script type=\"application\/ld+json\" class=\"yoast-schema-graph\">{\"@context\":\"https:\/\/schema.org\",\"@graph\":[{\"@type\":\"WebPage\",\"@id\":\"https:\/\/mariantherm.ro\/it\/carpenteria-pvc\/\",\"url\":\"https:\/\/mariantherm.ro\/it\/carpenteria-pvc\/\",\"name\":\"Carpenteria PVC -\",\"isPartOf\":{\"@id\":\"https:\/\/mariantherm.ro\/it\/#website\"},\"datePublished\":\"2023-01-31T06:23:34+00:00\",\"dateModified\":\"2023-02-08T20:11:49+00:00\",\"breadcrumb\":{\"@id\":\"https:\/\/mariantherm.ro\/it\/carpenteria-pvc\/#breadcrumb\"},\"inLanguage\":\"en-US\",\"potentialAction\":[{\"@type\":\"ReadAction\",\"target\":[\"https:\/\/mariantherm.ro\/it\/carpenteria-pvc\/\"]}]},{\"@type\":\"BreadcrumbList\",\"@id\":\"https:\/\/mariantherm.ro\/it\/carpenteria-pvc\/#breadcrumb\",\"itemListElement\":[{\"@type\":\"ListItem\",\"position\":1,\"name\":\"Home\",\"item\":\"https:\/\/mariantherm.ro\/it\/\"},{\"@type\":\"ListItem\",\"position\":2,\"name\":\"Carpenteria PVC\"}]},{\"@type\":\"WebSite\",\"@id\":\"https:\/\/mariantherm.ro\/it\/#website\",\"url\":\"https:\/\/mariantherm.ro\/it\/\",\"name\":\"\",\"description\":\"\",\"potentialAction\":[{\"@type\":\"SearchAction\",\"target\":{\"@type\":\"EntryPoint\",\"urlTemplate\":\"https:\/\/mariantherm.ro\/it\/?s={search_term_string}\"},\"query-input\":\"required name=search_term_string\"}],\"inLanguage\":\"en-US\"}]}<\/script>\n<!-- \/ Yoast SEO plugin. -->","yoast_head_json":{"title":"Carpenteria PVC -","robots":{"index":"index","follow":"follow","max-snippet":"max-snippet:-1","max-image-preview":"max-image-preview:large","max-video-preview":"max-video-preview:-1"},"canonical":"https:\/\/mariantherm.ro\/it\/carpenteria-pvc\/","og_locale":"en_US","og_type":"article","og_title":"Carpenteria PVC -","og_description":"Carpenteria PVC VEKA System scopri di pi\u00f9 SCHUCO System scopri di pi\u00f9 ALUPLAST System scopri di pi\u00f9","og_url":"https:\/\/mariantherm.ro\/it\/carpenteria-pvc\/","article_modified_time":"2023-02-08T20:11:49+00:00","og_image":[{"url":"https:\/\/mariantherm.ro\/it\/wp-content\/uploads\/2023\/01\/alukonigstahl_schuco_corona_topalu_340419_1-1.jpg"}],"twitter_card":"summary_large_image","twitter_misc":{"Est. reading time":"1 minute"},"schema":{"@context":"https:\/\/schema.org","@graph":[{"@type":"WebPage","@id":"https:\/\/mariantherm.ro\/it\/carpenteria-pvc\/","url":"https:\/\/mariantherm.ro\/it\/carpenteria-pvc\/","name":"Carpenteria PVC -","isPartOf":{"@id":"https:\/\/mariantherm.ro\/it\/#website"},"datePublished":"2023-01-31T06:23:34+00:00","dateModified":"2023-02-08T20:11:49+00:00","breadcrumb":{"@id":"https:\/\/mariantherm.ro\/it\/carpenteria-pvc\/#breadcrumb"},"inLanguage":"en-US","potentialAction":[{"@type":"ReadAction","target":["https:\/\/mariantherm.ro\/it\/carpenteria-pvc\/"]}]},{"@type":"BreadcrumbList","@id":"https:\/\/mariantherm.ro\/it\/carpenteria-pvc\/#breadcrumb","itemListElement":[{"@type":"ListItem","position":1,"name":"Home","item":"https:\/\/mariantherm.ro\/it\/"},{"@type":"ListItem","position":2,"name":"Carpenteria PVC"}]},{"@type":"WebSite","@id":"https:\/\/mariantherm.ro\/it\/#website","url":"https:\/\/mariantherm.ro\/it\/","name":"","description":"","potentialAction":[{"@type":"SearchAction","target":{"@type":"EntryPoint","urlTemplate":"https:\/\/mariantherm.ro\/it\/?s={search_term_string}"},"query-input":"required name=search_term_string"}],"inLanguage":"en-US"}]}},"_links":{"self":[{"href":"https:\/\/mariantherm.ro\/it\/wp-json\/wp\/v2\/pages\/6538","targetHints":{"allow":["GET"]}}],"collection":[{"href":"https:\/\/mariantherm.ro\/it\/wp-json\/wp\/v2\/pages"}],"about":[{"href":"https:\/\/mariantherm.ro\/it\/wp-json\/wp\/v2\/types\/page"}],"author":[{"embeddable":true,"href":"https:\/\/mariantherm.ro\/it\/wp-json\/wp\/v2\/users\/1"}],"replies":[{"embeddable":true,"href":"https:\/\/mariantherm.ro\/it\/wp-json\/wp\/v2\/comments?post=6538"}],"version-history":[{"count":45,"href":"https:\/\/mariantherm.ro\/it\/wp-json\/wp\/v2\/pages\/6538\/revisions"}],"predecessor-version":[{"id":7853,"href":"https:\/\/mariantherm.ro\/it\/wp-json\/wp\/v2\/pages\/6538\/revisions\/7853"}],"wp:attachment":[{"href":"https:\/\/mariantherm.ro\/it\/wp-json\/wp\/v2\/media?parent=6538"}],"curies":[{"name":"wp","href":"https:\/\/api.w.org\/{rel}","templated":true}]}}